{"id":9,"date":"2024-01-10T05:13:14","date_gmt":"2024-01-10T05:13:14","guid":{"rendered":"https:\/\/quiromed.com\/?page_id=9"},"modified":"2024-01-10T21:06:07","modified_gmt":"2024-01-10T21:06:07","slug":"inicio","status":"publish","type":"page","link":"https:\/\/quiromed.com\/","title":{"rendered":""},"content":{"rendered":"\t\t<div data-elementor-type=\"wp-page\" data-elementor-id=\"9\" class=\"elementor elementor-9\">\n\t\t\t\t\t\t\t<div class=\"elementor-element elementor-element-21b61a39 e-flex e-con-boxed e-con e-parent\" data-id=\"21b61a39\" data-element_type=\"container\" data-settings=\"{&quot;content_width&quot;:&quot;boxed&quot;}\" data-core-v316-plus=\"true\">\n\t\t\t\t\t<div class=\"e-con-inner\">\n\t\t\t\t<div class=\"elementor-element elementor-element-3780bbf9 elementor-widget elementor-widget-text-editor\" data-id=\"3780bbf9\" data-element_type=\"widget\" data-widget_type=\"text-editor.default\">\n\t\t\t\t<div class=\"elementor-widget-container\">\n\t\t\t<style>\/*! elementor - v3.18.0 - 20-12-2023 *\/\n.elementor-widget-text-editor.elementor-drop-cap-view-stacked .elementor-drop-cap{background-color:#69727d;color:#fff}.elementor-widget-text-editor.elementor-drop-cap-view-framed .elementor-drop-cap{color:#69727d;border:3px solid;background-color:transparent}.elementor-widget-text-editor:not(.elementor-drop-cap-view-default) .elementor-drop-cap{margin-top:8px}.elementor-widget-text-editor:not(.elementor-drop-cap-view-default) .elementor-drop-cap-letter{width:1em;height:1em}.elementor-widget-text-editor .elementor-drop-cap{float:left;text-align:center;line-height:1;font-size:50px}.elementor-widget-text-editor .elementor-drop-cap-letter{display:inline-block}<\/style>\t\t\t\t<!-- wp:shortcode -->\n<div id=\"metaslider-id-18\" style=\"width: 100%;\" class=\"ml-slider-3-60-1 metaslider metaslider-flex metaslider-18 ml-slider ms-theme-default nav-hidden\" role=\"region\" aria-roledescription=\"Slideshow\" aria-label=\"New Slideshow\">\n    <div id=\"metaslider_container_18\">\n        <div id=\"metaslider_18\">\n            <ul aria-live=\"polite\" class=\"slides\">\n                <li style=\"display: block; width: 100%;\" class=\"slide-19 ms-image\" aria-roledescription=\"slide\" aria-label=\"slide-19\"><img fetchpriority=\"high\" decoding=\"async\" src=\"https:\/\/quiromed.com\/wp-content\/uploads\/2024\/01\/aguas-1024x606-1-700x300.jpg\" height=\"300\" width=\"700\" alt=\"\" class=\"slider-18 slide-19\" title=\"aguas-1024x606\" \/><\/li>\n            <\/ul>\n        <\/div>\n        \n    <\/div>\n<\/div>\n<!-- \/wp:shortcode -->\t\t\t\t\t\t<\/div>\n\t\t\t\t<\/div>\n\t\t\t\t\t<\/div>\n\t\t\t\t<\/div>\n\t\t<div class=\"elementor-element elementor-element-41d445f e-flex e-con-boxed e-con e-parent\" data-id=\"41d445f\" data-element_type=\"container\" data-settings=\"{&quot;content_width&quot;:&quot;boxed&quot;}\" data-core-v316-plus=\"true\">\n\t\t\t\t\t<div class=\"e-con-inner\">\n\t\t\t\t<div class=\"elementor-element elementor-element-b7f4a68 elementor-widget elementor-widget-text-editor\" data-id=\"b7f4a68\" data-element_type=\"widget\" data-widget_type=\"text-editor.default\">\n\t\t\t\t<div class=\"elementor-widget-container\">\n\t\t\t\t\t\t\t<p>\u00a1Bienvenido a Quiromed, tu socio confiable en la fabricaci\u00f3n de material de curaci\u00f3n y material de laboratorio!<\/p>\n<p>Nos dedicamos a proporcionar soluciones innovadoras y confiables para profesionales de la salud, laboratorios y centros de investigaci\u00f3n.<\/p>\n<p><strong>Nuestra Misi\u00f3n:<\/strong><\/p>\n<p>Estamos comprometidos con la excelencia en la fabricaci\u00f3n de material de curaci\u00f3n y laboratorio, contribuyendo al avance de la ciencia y la atenci\u00f3n m\u00e9dica. Nos esforzamos por ofrecer productos que cumplan y superen las expectativas de nuestros clientes, respaldados por un equipo apasionado y dedicado.<\/p>\n<p><strong>Productos Destacados:<\/strong><\/p>\n<ul>\n<li>\n<p><strong>Material de Curaci\u00f3n:<\/strong> Ofrecemos una amplia gama de productos que cumplen con los m\u00e1s altos est\u00e1ndares de calidad. La salud y el bienestar de los pacientes son nuestra m\u00e1xima prioridad.<\/p>\n<\/li>\n<li>\n<p><strong>Material de Laboratorio:<\/strong> Equipa tu laboratorio con productos de precisi\u00f3n que garantizan resultados confiables. Ofrecemos una variedad de instrumentos y consumibles para satisfacer las necesidades de investigaci\u00f3n en constante evoluci\u00f3n.<\/p>\n<\/li>\n<\/ul>\t\t\t\t\t\t<\/div>\n\t\t\t\t<\/div>\n\t\t\t\t<div class=\"elementor-element elementor-element-b0786de elementor-widget elementor-widget-image\" data-id=\"b0786de\" data-element_type=\"widget\" data-widget_type=\"image.default\">\n\t\t\t\t<div class=\"elementor-widget-container\">\n\t\t\t<style>\/*! elementor - v3.18.0 - 20-12-2023 *\/\n.elementor-widget-image{text-align:center}.elementor-widget-image a{display:inline-block}.elementor-widget-image a img[src$=\".svg\"]{width:48px}.elementor-widget-image img{vertical-align:middle;display:inline-block}<\/style>\t\t\t\t\t\t\t\t\t\t\t\t<img decoding=\"async\" width=\"640\" height=\"427\" src=\"https:\/\/quiromed.com\/wp-content\/uploads\/2024\/01\/ML_CITOFIX_2PZAS_F1x2--1024x683.jpg\" class=\"attachment-large size-large wp-image-66\" alt=\"\" srcset=\"https:\/\/quiromed.com\/wp-content\/uploads\/2024\/01\/ML_CITOFIX_2PZAS_F1x2--1024x683.jpg 1024w, https:\/\/quiromed.com\/wp-content\/uploads\/2024\/01\/ML_CITOFIX_2PZAS_F1x2--300x200.jpg 300w, https:\/\/quiromed.com\/wp-content\/uploads\/2024\/01\/ML_CITOFIX_2PZAS_F1x2--scaled-1536x1024.jpg 1536w, https:\/\/quiromed.com\/wp-content\/uploads\/2024\/01\/ML_CITOFIX_2PZAS_F1x2--scaled-2048x1366.jpg 2048w, https:\/\/quiromed.com\/wp-content\/uploads\/2024\/01\/ML_CITOFIX_2PZAS_F1x2--scaled-370x247.jpg 370w, https:\/\/quiromed.com\/wp-content\/uploads\/2024\/01\/ML_CITOFIX_2PZAS_F1x2--scaled-90x60.jpg 90w\" sizes=\"(max-width: 640px) 100vw, 640px\" \/>\t\t\t\t\t\t\t\t\t\t\t\t\t\t\t<\/div>\n\t\t\t\t<\/div>\n\t\t\t\t<div class=\"elementor-element elementor-element-0c5771a elementor-widget elementor-widget-text-editor\" data-id=\"0c5771a\" data-element_type=\"widget\" data-widget_type=\"text-editor.default\">\n\t\t\t\t<div class=\"elementor-widget-container\">\n\t\t\t\t\t\t\t<p><strong>Cont\u00e1ctanos:<\/strong><\/p>\n<p>Explora nuestro cat\u00e1logo en l\u00ednea o ponte en contacto con nosotros directamente para obtener m\u00e1s informaci\u00f3n sobre nuestros productos y c\u00f3mo podemos adaptarnos a tus necesidades espec\u00edficas.<\/p>\n<p>Gracias por elegir Quiromed. Estamos comprometidos a ser tu socio de confianza en la b\u00fasqueda de soluciones de calidad en material de curaci\u00f3n y laboratorio. \u00a1Descubre la diferencia que la excelencia puede hacer!<\/p>\t\t\t\t\t\t<\/div>\n\t\t\t\t<\/div>\n\t\t\t\t\t<\/div>\n\t\t\t\t<\/div>\n\t\t<div class=\"elementor-element elementor-element-55e5d47 e-flex e-con-boxed e-con e-parent\" data-id=\"55e5d47\" data-element_type=\"container\" data-settings=\"{&quot;content_width&quot;:&quot;boxed&quot;}\" data-core-v316-plus=\"true\">\n\t\t\t\t\t<div class=\"e-con-inner\">\n\t\t\t\t\t<\/div>\n\t\t\t\t<\/div>\n\t\t\t\t\t\t\t<\/div>\n\t\t","protected":false},"excerpt":{"rendered":"<p>\u00a1Bienvenido a Quiromed, tu socio confiable en la fabricaci\u00f3n de material de curaci\u00f3n y material de laboratorio! Nos dedicamos a proporcionar soluciones innovadoras y confiables para profesionales de la salud, laboratorios y centros de investigaci\u00f3n. Nuestra Misi\u00f3n: Estamos comprometidos con la excelencia en la fabricaci\u00f3n de material de curaci\u00f3n y laboratorio, contribuyendo al avance de<\/p>\n","protected":false},"author":1,"featured_media":0,"parent":0,"menu_order":0,"comment_status":"closed","ping_status":"closed","template":"","meta":{"footnotes":""},"_links":{"self":[{"href":"https:\/\/quiromed.com\/index.php\/wp-json\/wp\/v2\/pages\/9"}],"collection":[{"href":"https:\/\/quiromed.com\/index.php\/wp-json\/wp\/v2\/pages"}],"about":[{"href":"https:\/\/quiromed.com\/index.php\/wp-json\/wp\/v2\/types\/page"}],"author":[{"embeddable":true,"href":"https:\/\/quiromed.com\/index.php\/wp-json\/wp\/v2\/users\/1"}],"replies":[{"embeddable":true,"href":"https:\/\/quiromed.com\/index.php\/wp-json\/wp\/v2\/comments?post=9"}],"version-history":[{"count":17,"href":"https:\/\/quiromed.com\/index.php\/wp-json\/wp\/v2\/pages\/9\/revisions"}],"predecessor-version":[{"id":71,"href":"https:\/\/quiromed.com\/index.php\/wp-json\/wp\/v2\/pages\/9\/revisions\/71"}],"wp:attachment":[{"href":"https:\/\/quiromed.com\/index.php\/wp-json\/wp\/v2\/media?parent=9"}],"curies":[{"name":"wp","href":"https:\/\/api.w.org\/{rel}","templated":true}]}}